{"id":15,"date":"2021-12-08T03:13:06","date_gmt":"2021-12-08T03:13:06","guid":{"rendered":"http:\/\/localhost:8888\/wordpress\/homepage\/"},"modified":"2022-08-19T16:23:32","modified_gmt":"2022-08-19T16:23:32","slug":"inicio","status":"publish","type":"page","link":"https:\/\/marini-escritos.unam.mx\/","title":{"rendered":"Inicio"},"content":{"rendered":"\n<div class=\"wp-block-cover alignfull is-light\" style=\"min-height:500px;aspect-ratio:unset;\"><span aria-hidden=\"true\" class=\"wp-block-cover__background has-white-background-color has-background-dim-20 has-background-dim\"><\/span><img decoding=\"async\" width=\"640\" height=\"429\" class=\"wp-block-cover__image-background wp-image-83\" alt=\"\" src=\"http:\/\/marini-escritos.unam.mx\/wp-content\/uploads\/2021\/12\/RUY-MAURO-MARINI-03-2.jpg\" style=\"object-position:50% 15%\" data-object-fit=\"cover\" data-object-position=\"50% 15%\" srcset=\"https:\/\/marini-escritos.unam.mx\/wp-content\/uploads\/2021\/12\/RUY-MAURO-MARINI-03-2.jpg 640w, https:\/\/marini-escritos.unam.mx\/wp-content\/uploads\/2021\/12\/RUY-MAURO-MARINI-03-2-300x201.jpg 300w, https:\/\/marini-escritos.unam.mx\/wp-content\/uploads\/2021\/12\/RUY-MAURO-MARINI-03-2-600x402.jpg 600w\" sizes=\"(max-width: 640px) 100vw, 640px\" \/><div class=\"wp-block-cover__inner-container is-layout-flow wp-block-cover-is-layout-flow\">\n<p class=\"has-text-align-center has-large-font-size\"><\/p>\n\n\n\n<div style=\"height:159px\" aria-hidden=\"true\" class=\"wp-block-spacer\"><\/div>\n\n\n\n<p><\/p>\n<\/div><\/div>\n\n\n\n<div style=\"height:27px\" aria-hidden=\"true\" class=\"wp-block-spacer\"><\/div>\n\n\n\n<h1 class=\"has-text-align-center animated fadeInDown has-black-color has-text-color wp-block-heading\">RUY MAURO MARINI<\/h1>\n\n\n\n<h2 class=\"has-text-align-center wp-block-heading\">ESCRITOS<\/h2>\n\n\n\n<p class=\"has-drop-cap\">Ruy Mauro Marini&nbsp;es uno de los m\u00e1s brillantes intelectuales latinoamericanos. Su obra termin\u00f3 por dar forma a la teor\u00eda marxista de la dependencia, un cuerpo conceptual que explica las razones de la emergencia y reproducci\u00f3n de una forma particular de capitalismo, el dependiente, en el seno de su inserci\u00f3n en el sistema capitalista mundial.<\/p>\n\n\n\n<p>Su producci\u00f3n te\u00f3rica, de enorme valor en s\u00ed misma, alcanza dimensiones de gran relevancia si se la relaciona con su activa militancia en diversas organizaciones revolucionarias. Fueron estas tareas las que lo impulsaron a la b\u00fasqueda de respuestas te\u00f3ricas con el fin de explicar la actualidad de la revoluci\u00f3n socialista en Am\u00e9rica Latina,&nbsp;sus perspectivas, y los quehaceres que la hicieran posible. Ello lo oblig\u00f3 a caminar, al igual que los grandes creadores del marxismo, desde la compleja reflexi\u00f3n te\u00f3rica&nbsp;hasta el periodismo revolucionario y la definici\u00f3n de consignas que buscaban sintetizar las tareas y las demandas para acumular fuerzas en un periodo determinado, pasando por el debate y la cr\u00edtica implacables en contra&nbsp;del reformismo, la reacci\u00f3n y la contrarrevoluci\u00f3n.<\/p>\n\n\n<div class=\"wp-block-image is-style-default\">\n<figure class=\"alignleft size-full is-resized\"><img decoding=\"async\" src=\"http:\/\/marini-escritos.unam.mx\/wp-content\/uploads\/2021\/12\/RUY-MAURO-MARINI-04-edited.jpg\" alt=\"\" class=\"wp-image-226\" width=\"230\" height=\"307\" srcset=\"https:\/\/marini-escritos.unam.mx\/wp-content\/uploads\/2021\/12\/RUY-MAURO-MARINI-04-edited.jpg 422w, https:\/\/marini-escritos.unam.mx\/wp-content\/uploads\/2021\/12\/RUY-MAURO-MARINI-04-edited-225x300.jpg 225w\" sizes=\"(max-width: 230px) 100vw, 230px\" \/><\/figure>\n<\/div>\n\n\n<p><meta charset=\"utf-8\">Nacido en 1932 en Brasil, Marini falleci\u00f3 en 1997 en su tierra natal, luego de tres exilios que lo llevaron a M\u00e9xico en 1965, a Chile en 1969 y nuevamente a M\u00e9xico en 1974.&nbsp;Regres\u00f3 a Brasil en 1996.&nbsp;Su vida condensa uno de los periodos m\u00e1s intensos de la historia pol\u00edtica latinoamericana,&nbsp;con experiencias como la revoluci\u00f3n cubana, la emergencia y maduraci\u00f3n de la izquierda revolucionaria,&nbsp;el golpe militar en Brasil, el ascenso democr\u00e1tico y la masacre de Tlatelolco, el auge de masas&nbsp;y la experiencia del gobierno de Salvador Allende, el fortalecimiento del MIR y su quehacer en el periodo pre-revolucionario en Chile, el golpe militar encabezado por&nbsp;Pinochet y el agudo proceso contrarrevolucionario que se desata en la regi\u00f3n, siendo privilegiado part\u00edcipe en&nbsp;muchos de estos procesos.<\/p>\n\n\n\n<p>Su vida tambi\u00e9n sintetiza uno de los periodos de mayor debate te\u00f3rico y pol\u00edtico en la regi\u00f3n y de m\u00e1s fruct\u00edfera producci\u00f3n intelectual.<\/p>\n\n\n\n<p>En las p\u00e1ginas de este sitio el lector podr\u00e1 encontrar&nbsp;la casi totalidad de su producci\u00f3n te\u00f3rica, pol\u00edtica y period\u00edstica,&nbsp;junto a entrevistas y materiales diversos, referentes imprescindibles para todos aqu\u00e9llos que, con audacia e imaginaci\u00f3n, consideran posible&nbsp;un mundo nuevo.<\/p>\n\n\n\n<div style=\"height:37px\" aria-hidden=\"true\" class=\"wp-block-spacer\"><\/div>\n\n\n\n<div class=\"wp-block-columns is-layout-flex wp-container-core-columns-is-layout-9d6595d7 wp-block-columns-is-layout-flex\">\n<div class=\"wp-block-column is-vertically-aligned-center is-layout-flow wp-block-column-is-layout-flow\" style=\"flex-basis:50%\">\n<h2 class=\"wp-block-heading\">Memoria<\/h2>\n\n\n\n<p>Nac\u00ed en 1932. Por mi origen, soy un producto de las tendencias profundas que determinaron el surgimiento del Brasil moderno que emergi\u00f3 en aquella d\u00e9cada. <\/p>\n\n\n\n<div class=\"wp-block-buttons is-layout-flex wp-block-buttons-is-layout-flex\">\n<div class=\"wp-block-button is-style-default\"><a class=\"wp-block-button__link\" href=\"http:\/\/marini-escritos.unam.mx\/?page_id=348\">Leer m\u00e1s<\/a><\/div>\n<\/div>\n\n\n\n<p><\/p>\n<\/div>\n\n\n\n<div class=\"wp-block-column is-layout-flow wp-block-column-is-layout-flow\" style=\"flex-basis:50%\">\n<figure class=\"wp-block-image size-full\"><img decoding=\"async\" width=\"636\" height=\"426\" src=\"http:\/\/marini-escritos.unam.mx\/wp-content\/uploads\/2021\/12\/RUY-MAURO-MARINI-01.jpg\" alt=\"\" class=\"wp-image-28\" srcset=\"https:\/\/marini-escritos.unam.mx\/wp-content\/uploads\/2021\/12\/RUY-MAURO-MARINI-01.jpg 636w, https:\/\/marini-escritos.unam.mx\/wp-content\/uploads\/2021\/12\/RUY-MAURO-MARINI-01-300x201.jpg 300w, https:\/\/marini-escritos.unam.mx\/wp-content\/uploads\/2021\/12\/RUY-MAURO-MARINI-01-600x402.jpg 600w\" sizes=\"(max-width: 636px) 100vw, 636px\" \/><\/figure>\n<\/div>\n<\/div>\n\n\n\n<div style=\"height:51px\" aria-hidden=\"true\" class=\"wp-block-spacer\"><\/div>\n","protected":false},"excerpt":{"rendered":"<p>RUY MAURO MARINI ESCRITOS Ruy Mauro Marini&nbsp;es uno de los m\u00e1s brillantes intelectuales latinoamericanos. Su obra termin\u00f3 por dar forma a la teor\u00eda marxista de la dependencia, un cuerpo conceptual que explica las razones&#46;&#46;&#46;<\/p>\n","protected":false},"author":1,"featured_media":83,"parent":0,"menu_order":0,"comment_status":"closed","ping_status":"closed","template":"","meta":{"_themeisle_gutenberg_block_has_review":false,"_ti_tpc_template_sync":false,"_ti_tpc_template_id":"","footnotes":""},"class_list":["post-15","page","type-page","status-publish","has-post-thumbnail","hentry"],"_links":{"self":[{"href":"https:\/\/marini-escritos.unam.mx\/index.php?rest_route=\/wp\/v2\/pages\/15","targetHints":{"allow":["GET"]}}],"collection":[{"href":"https:\/\/marini-escritos.unam.mx\/index.php?rest_route=\/wp\/v2\/pages"}],"about":[{"href":"https:\/\/marini-escritos.unam.mx\/index.php?rest_route=\/wp\/v2\/types\/page"}],"author":[{"embeddable":true,"href":"https:\/\/marini-escritos.unam.mx\/index.php?rest_route=\/wp\/v2\/users\/1"}],"replies":[{"embeddable":true,"href":"https:\/\/marini-escritos.unam.mx\/index.php?rest_route=%2Fwp%2Fv2%2Fcomments&post=15"}],"version-history":[{"count":40,"href":"https:\/\/marini-escritos.unam.mx\/index.php?rest_route=\/wp\/v2\/pages\/15\/revisions"}],"predecessor-version":[{"id":3766,"href":"https:\/\/marini-escritos.unam.mx\/index.php?rest_route=\/wp\/v2\/pages\/15\/revisions\/3766"}],"wp:featuredmedia":[{"embeddable":true,"href":"https:\/\/marini-escritos.unam.mx\/index.php?rest_route=\/wp\/v2\/media\/83"}],"wp:attachment":[{"href":"https:\/\/marini-escritos.unam.mx\/index.php?rest_route=%2Fwp%2Fv2%2Fmedia&parent=15"}],"curies":[{"name":"wp","href":"https:\/\/api.w.org\/{rel}","templated":true}]}}