{"id":3692,"date":"2022-04-18T20:50:39","date_gmt":"2022-04-18T20:50:39","guid":{"rendered":"http:\/\/marini-escritos.unam.mx\/?page_id=3692"},"modified":"2022-04-18T20:51:57","modified_gmt":"2022-04-18T20:51:57","slug":"prensa","status":"publish","type":"page","link":"https:\/\/marini-escritos.unam.mx\/?page_id=3692","title":{"rendered":"Prensa"},"content":{"rendered":"\t\t<div data-elementor-type=\"wp-page\" data-elementor-id=\"3692\" class=\"elementor elementor-3692\">\n\t\t\t\t\t\t\t\t\t<section class=\"elementor-section elementor-top-section elementor-element elementor-element-77e40fb elementor-section-boxed elementor-section-height-default elementor-section-height-default\" data-id=\"77e40fb\" data-element_type=\"section\">\n\t\t\t\t\t\t<div class=\"elementor-container elementor-column-gap-default\">\n\t\t\t\t\t<div class=\"elementor-column elementor-col-100 elementor-top-column elementor-element elementor-element-f277634\" data-id=\"f277634\" data-element_type=\"column\">\n\t\t\t<div class=\"elementor-widget-wrap elementor-element-populated\">\n\t\t\t\t\t\t\t\t<div class=\"elementor-element elementor-element-bd76a07 elementor-grid-2 elementor-grid-tablet-2 elementor-grid-mobile-1 elementor-posts--thumbnail-top elementor-widget elementor-widget-posts\" data-id=\"bd76a07\" data-element_type=\"widget\" data-settings=\"{&quot;classic_columns&quot;:&quot;2&quot;,&quot;pagination_type&quot;:&quot;prev_next&quot;,&quot;classic_row_gap&quot;:{&quot;unit&quot;:&quot;px&quot;,&quot;size&quot;:30,&quot;sizes&quot;:[]},&quot;classic_columns_tablet&quot;:&quot;2&quot;,&quot;classic_columns_mobile&quot;:&quot;1&quot;,&quot;classic_row_gap_tablet&quot;:{&quot;unit&quot;:&quot;px&quot;,&quot;size&quot;:&quot;&quot;,&quot;sizes&quot;:[]},&quot;classic_row_gap_mobile&quot;:{&quot;unit&quot;:&quot;px&quot;,&quot;size&quot;:&quot;&quot;,&quot;sizes&quot;:[]}}\" data-widget_type=\"posts.classic\">\n\t\t\t\t<div class=\"elementor-widget-container\">\n\t\t\t<link rel=\"stylesheet\" href=\"http:\/\/marini-escritos.unam.mx\/wp-content\/plugins\/elementor-pro\/assets\/css\/widget-posts.min.css\">\t\t<div class=\"elementor-posts-container elementor-posts elementor-posts--skin-classic elementor-grid\">\n\t\t\t\t<article class=\"elementor-post elementor-grid-item post-629 post type-post status-publish format-standard has-post-thumbnail hentry tag-43 tag-brasil tag-compilaciones tag-correio-braziliense tag-prensa\">\n\t\t\t\t<a class=\"elementor-post__thumbnail__link\" href=\"https:\/\/marini-escritos.unam.mx\/?p=629\" >\n\t\t\t<div class=\"elementor-post__thumbnail\"><img decoding=\"async\" width=\"300\" height=\"169\" src=\"https:\/\/marini-escritos.unam.mx\/wp-content\/uploads\/2022\/03\/bbbbbbbbfoto3_6-300x169.png\" class=\"attachment-medium size-medium\" alt=\"\" \/><\/div>\n\t\t<\/a>\n\t\t\t\t<div class=\"elementor-post__text\">\n\t\t\t\t<h2 class=\"elementor-post__title\">\n\t\t\t<a href=\"https:\/\/marini-escritos.unam.mx\/?p=629\" >\n\t\t\t\tDesenvolvimento e depend\u00eancia\t\t\t<\/a>\n\t\t<\/h2>\n\t\t\t\t<div class=\"elementor-post__excerpt\">\n\t\t\t<p>Fuente: Archivo de Ruy Mauro Marini con la anotaci\u00f3n: &#8220;Artigo publicado no\u00a0Correio Braziliense, (1992)&#8221;. A crise do socialismo europeu, a revolu\u00e7\u00e3o cient\u00edfico-t\u00e9cnica e a difus\u00e3o da doutrina neo-liberal puseram em xeque, nos anos 80,<\/p>\n\t\t<\/div>\n\t\t\t\t<\/div>\n\t\t\t\t<\/article>\n\t\t\t\t<article class=\"elementor-post elementor-grid-item post-1001 post type-post status-publish format-standard has-post-thumbnail hentry tag-47 tag-bolivia tag-el-universal tag-prensa\">\n\t\t\t\t<a class=\"elementor-post__thumbnail__link\" href=\"https:\/\/marini-escritos.unam.mx\/?p=1001\" >\n\t\t\t<div class=\"elementor-post__thumbnail\"><img decoding=\"async\" width=\"300\" height=\"169\" src=\"https:\/\/marini-escritos.unam.mx\/wp-content\/uploads\/2022\/03\/Webp.net-resizeimage-1-783x616-1-edited-300x169.jpg\" class=\"attachment-medium size-medium\" alt=\"\" \/><\/div>\n\t\t<\/a>\n\t\t\t\t<div class=\"elementor-post__text\">\n\t\t\t\t<h2 class=\"elementor-post__title\">\n\t\t\t<a href=\"https:\/\/marini-escritos.unam.mx\/?p=1001\" >\n\t\t\t\tDesliz boliviano: \u00bfun pacto del Cono Sur?\t\t\t<\/a>\n\t\t<\/h2>\n\t\t\t\t<div class=\"elementor-post__excerpt\">\n\t\t\t<p>Fuente: Archivo de Ruy Mauro Marini. Publicado en\u00a0El Universal, M\u00e9xico, mi\u00e9rcoles, 17 septiembre 1980. Tras el reciente golpe de Estado que la encumbr\u00f3 en el poder, la dictadura boliviana amenaza con dejar al Pacto<\/p>\n\t\t<\/div>\n\t\t\t\t<\/div>\n\t\t\t\t<\/article>\n\t\t\t\t<article class=\"elementor-post elementor-grid-item post-998 post type-post status-publish format-standard has-post-thumbnail hentry tag-47 tag-chile tag-el-universal tag-prensa\">\n\t\t\t\t<a class=\"elementor-post__thumbnail__link\" href=\"https:\/\/marini-escritos.unam.mx\/?p=998\" >\n\t\t\t<div class=\"elementor-post__thumbnail\"><img decoding=\"async\" width=\"300\" height=\"169\" src=\"https:\/\/marini-escritos.unam.mx\/wp-content\/uploads\/2022\/03\/1603483853_996398_1603486267_album_normal-edited-300x169.jpg\" class=\"attachment-medium size-medium\" alt=\"\" \/><\/div>\n\t\t<\/a>\n\t\t\t\t<div class=\"elementor-post__text\">\n\t\t\t\t<h2 class=\"elementor-post__title\">\n\t\t\t<a href=\"https:\/\/marini-escritos.unam.mx\/?p=998\" >\n\t\t\t\tPlebiscito en Chile: la punta del iceberg\t\t\t<\/a>\n\t\t<\/h2>\n\t\t\t\t<div class=\"elementor-post__excerpt\">\n\t\t\t<p>Fuente: Archivo de Ruy Mauro Marini. Publicado en\u00a0El Universal, M\u00e9xico, mi\u00e9rcoles, 10 septiembre 1980. El pueblo chileno deber\u00e1 manifestarse, ma\u00f1ana, sobre el proyecto de constituci\u00f3n pol\u00edtica elaborado por la Junta militar. Tr\u00e1tase de la<\/p>\n\t\t<\/div>\n\t\t\t\t<\/div>\n\t\t\t\t<\/article>\n\t\t\t\t<article class=\"elementor-post elementor-grid-item post-995 post type-post status-publish format-standard has-post-thumbnail hentry tag-47 tag-el-universal tag-polonia tag-prensa\">\n\t\t\t\t<a class=\"elementor-post__thumbnail__link\" href=\"https:\/\/marini-escritos.unam.mx\/?p=995\" >\n\t\t\t<div class=\"elementor-post__thumbnail\"><img decoding=\"async\" width=\"300\" height=\"169\" src=\"https:\/\/marini-escritos.unam.mx\/wp-content\/uploads\/2022\/03\/800px-Strajk_sierpniowy_w_Stoczni_Gdanskiej_im._Lenina_34-edited-300x169.jpg\" class=\"attachment-medium size-medium\" alt=\"\" \/><\/div>\n\t\t<\/a>\n\t\t\t\t<div class=\"elementor-post__text\">\n\t\t\t\t<h2 class=\"elementor-post__title\">\n\t\t\t<a href=\"https:\/\/marini-escritos.unam.mx\/?p=995\" >\n\t\t\t\tPolonia: una victoria del socialismo\t\t\t<\/a>\n\t\t<\/h2>\n\t\t\t\t<div class=\"elementor-post__excerpt\">\n\t\t\t<p>Fuente: Archivo de Ruy Mauro Marini. Publicado en\u00a0El Universal, M\u00e9xico, mi\u00e9rcoles, 3 septiembre 1980. La huelga que, en el curso de 18 d\u00edas, lleg\u00f3 a involucrar cerca de medio mill\u00f3n de trabajadores, en Polonia,<\/p>\n\t\t<\/div>\n\t\t\t\t<\/div>\n\t\t\t\t<\/article>\n\t\t\t\t<article class=\"elementor-post elementor-grid-item post-992 post type-post status-publish format-standard has-post-thumbnail hentry tag-47 tag-el-universal tag-honduras tag-prensa\">\n\t\t\t\t<a class=\"elementor-post__thumbnail__link\" href=\"https:\/\/marini-escritos.unam.mx\/?p=992\" >\n\t\t\t<div class=\"elementor-post__thumbnail\"><img decoding=\"async\" width=\"300\" height=\"169\" src=\"https:\/\/marini-escritos.unam.mx\/wp-content\/uploads\/2022\/03\/01765-edited-300x169.jpg\" class=\"attachment-medium size-medium\" alt=\"\" \/><\/div>\n\t\t<\/a>\n\t\t\t\t<div class=\"elementor-post__text\">\n\t\t\t\t<h2 class=\"elementor-post__title\">\n\t\t\t<a href=\"https:\/\/marini-escritos.unam.mx\/?p=992\" >\n\t\t\t\tHonduras: los militares y la revoluci\u00f3n\t\t\t<\/a>\n\t\t<\/h2>\n\t\t\t\t<div class=\"elementor-post__excerpt\">\n\t\t\t<p>Fuente: Archivo de Ruy Mauro Marini. Publicado en\u00a0El Universal, M\u00e9xico, mi\u00e9rcoles, 27 agosto 1980. Las recientes purgas de oficiales en Honduras \u2014dos en menos de un mes\u2014 deben preocupar a quienes se interesan por<\/p>\n\t\t<\/div>\n\t\t\t\t<\/div>\n\t\t\t\t<\/article>\n\t\t\t\t<article class=\"elementor-post elementor-grid-item post-989 post type-post status-publish format-standard has-post-thumbnail hentry tag-47 tag-el-salvador tag-el-universal tag-prensa\">\n\t\t\t\t<a class=\"elementor-post__thumbnail__link\" href=\"https:\/\/marini-escritos.unam.mx\/?p=989\" >\n\t\t\t<div class=\"elementor-post__thumbnail\"><img decoding=\"async\" width=\"300\" height=\"169\" src=\"https:\/\/marini-escritos.unam.mx\/wp-content\/uploads\/2022\/03\/fapu-edited-300x169.jpg\" class=\"attachment-medium size-medium\" alt=\"\" \/><\/div>\n\t\t<\/a>\n\t\t\t\t<div class=\"elementor-post__text\">\n\t\t\t\t<h2 class=\"elementor-post__title\">\n\t\t\t<a href=\"https:\/\/marini-escritos.unam.mx\/?p=989\" >\n\t\t\t\tEl Salvador: la huelga general y la insurrecci\u00f3n\t\t\t<\/a>\n\t\t<\/h2>\n\t\t\t\t<div class=\"elementor-post__excerpt\">\n\t\t\t<p>Fuente: Archivo de Ruy Mauro Marini. Publicado en\u00a0El Universal, M\u00e9xico, mi\u00e9rcoles, 20 agosto 1980. Cuando, hace unos meses, la Junta salvadore\u00f1a desat\u00f3 la represi\u00f3n masiva a las manifestaciones populares, se hizo evidente que el<\/p>\n\t\t<\/div>\n\t\t\t\t<\/div>\n\t\t\t\t<\/article>\n\t\t\t\t<article class=\"elementor-post elementor-grid-item post-986 post type-post status-publish format-standard has-post-thumbnail hentry tag-47 tag-bolivia tag-el-universal tag-prensa\">\n\t\t\t\t<a class=\"elementor-post__thumbnail__link\" href=\"https:\/\/marini-escritos.unam.mx\/?p=986\" >\n\t\t\t<div class=\"elementor-post__thumbnail\"><img decoding=\"async\" width=\"283\" height=\"159\" src=\"https:\/\/marini-escritos.unam.mx\/wp-content\/uploads\/2022\/03\/images-edited.jpg\" class=\"attachment-medium size-medium\" alt=\"\" \/><\/div>\n\t\t<\/a>\n\t\t\t\t<div class=\"elementor-post__text\">\n\t\t\t\t<h2 class=\"elementor-post__title\">\n\t\t\t<a href=\"https:\/\/marini-escritos.unam.mx\/?p=986\" >\n\t\t\t\tBolivia: el golpismo a la defensiva\t\t\t<\/a>\n\t\t<\/h2>\n\t\t\t\t<div class=\"elementor-post__excerpt\">\n\t\t\t<p>Fuente: Archivo de Ruy Mauro Marini. Publicado en\u00a0El Universal, M\u00e9xico, mi\u00e9rcoles, 1\u00b0 agosto 1980. A lo largo de las dos \u00faltimas d\u00e9cadas, la historia latinoamericana registr\u00f3 una serie de golpes militares que pusieron fin<\/p>\n\t\t<\/div>\n\t\t\t\t<\/div>\n\t\t\t\t<\/article>\n\t\t\t\t<article class=\"elementor-post elementor-grid-item post-983 post type-post status-publish format-standard has-post-thumbnail hentry tag-47 tag-brasil tag-el-universal tag-prensa\">\n\t\t\t\t<a class=\"elementor-post__thumbnail__link\" href=\"https:\/\/marini-escritos.unam.mx\/?p=983\" >\n\t\t\t<div class=\"elementor-post__thumbnail\"><img decoding=\"async\" width=\"300\" height=\"169\" src=\"https:\/\/marini-escritos.unam.mx\/wp-content\/uploads\/2022\/03\/iglesia-brasil-G-edited-300x169.jpg\" class=\"attachment-medium size-medium\" alt=\"\" \/><\/div>\n\t\t<\/a>\n\t\t\t\t<div class=\"elementor-post__text\">\n\t\t\t\t<h2 class=\"elementor-post__title\">\n\t\t\t<a href=\"https:\/\/marini-escritos.unam.mx\/?p=983\" >\n\t\t\t\tLa Iglesia en Brasil: el espectro de la iranizaci\u00f3n\t\t\t<\/a>\n\t\t<\/h2>\n\t\t\t\t<div class=\"elementor-post__excerpt\">\n\t\t\t<p>Fuente: Archivo de Ruy Mauro Marini. Publicado en\u00a0El Universal, M\u00e9xico, mi\u00e9rcoles, 23 julio 1980. La Iglesia Cat\u00f3lica ha sido tradicionalmente una fuerza significativa en la vida pol\u00edtica brasile\u00f1a. Factor decisivo en el golpe de<\/p>\n\t\t<\/div>\n\t\t\t\t<\/div>\n\t\t\t\t<\/article>\n\t\t\t\t<article class=\"elementor-post elementor-grid-item post-980 post type-post status-publish format-standard has-post-thumbnail hentry tag-47 tag-brasil tag-el-universal tag-prensa\">\n\t\t\t\t<a class=\"elementor-post__thumbnail__link\" href=\"https:\/\/marini-escritos.unam.mx\/?p=980\" >\n\t\t\t<div class=\"elementor-post__thumbnail\"><img decoding=\"async\" width=\"300\" height=\"169\" src=\"https:\/\/marini-escritos.unam.mx\/wp-content\/uploads\/2022\/03\/111604-edited-300x169.jpg\" class=\"attachment-medium size-medium\" alt=\"\" \/><\/div>\n\t\t<\/a>\n\t\t\t\t<div class=\"elementor-post__text\">\n\t\t\t\t<h2 class=\"elementor-post__title\">\n\t\t\t<a href=\"https:\/\/marini-escritos.unam.mx\/?p=980\" >\n\t\t\t\tLa Iglesia en Brasil: el significado de la visita del Papa\t\t\t<\/a>\n\t\t<\/h2>\n\t\t\t\t<div class=\"elementor-post__excerpt\">\n\t\t\t<p>Fuente: Archivo de Ruy Mauro Marini. Publicado en\u00a0El Universal, M\u00e9xico, mi\u00e9rcoles, 16 julio 1980. La visita de Juan Pablo II a Brasil era esperada con ansiedad, tanto entre los medios eclesi\u00e1sticos como entre los<\/p>\n\t\t<\/div>\n\t\t\t\t<\/div>\n\t\t\t\t<\/article>\n\t\t\t\t<article class=\"elementor-post elementor-grid-item post-977 post type-post status-publish format-standard has-post-thumbnail hentry tag-47 tag-el-salvador tag-el-universal tag-prensa\">\n\t\t\t\t<a class=\"elementor-post__thumbnail__link\" href=\"https:\/\/marini-escritos.unam.mx\/?p=977\" >\n\t\t\t<div class=\"elementor-post__thumbnail\"><img decoding=\"async\" width=\"250\" height=\"141\" src=\"https:\/\/marini-escritos.unam.mx\/wp-content\/uploads\/2022\/03\/download-1-edited.jpg\" class=\"attachment-medium size-medium\" alt=\"\" \/><\/div>\n\t\t<\/a>\n\t\t\t\t<div class=\"elementor-post__text\">\n\t\t\t\t<h2 class=\"elementor-post__title\">\n\t\t\t<a href=\"https:\/\/marini-escritos.unam.mx\/?p=977\" >\n\t\t\t\tRevoluci\u00f3n salvadore\u00f1a: hacia el viraje estrat\u00e9gico\t\t\t<\/a>\n\t\t<\/h2>\n\t\t\t\t<div class=\"elementor-post__excerpt\">\n\t\t\t<p>Fuente: Archivo de Ruy Mauro Marini. Publicado en\u00a0El Universal, M\u00e9xico, mi\u00e9rcoles, 16 abril 1980. La guerra civil en El Salvador ha ingresado en una nueva etapa. En la fase anterior, en la que todav\u00eda<\/p>\n\t\t<\/div>\n\t\t\t\t<\/div>\n\t\t\t\t<\/article>\n\t\t\t\t<\/div>\n\n\n\t\t\n\t\t\t\t<div class=\"e-load-more-anchor\" data-page=\"1\" data-max-page=\"19\" data-next-page=\"https:\/\/marini-escritos.unam.mx\/index.php?rest_route=%2Fwp%2Fv2%2Fpages%2F3692&#038;paged=2\"><\/div>\n\t\t\t\t<nav class=\"elementor-pagination\" role=\"navigation\" aria-label=\"Pagination\">\n\t\t\t<span class=\"page-numbers prev\">&laquo; P\u00e1gina anterior<\/span>\n<a class=\"page-numbers next\" href=\"https:\/\/marini-escritos.unam.mx\/index.php?rest_route=%2Fwp%2Fv2%2Fpages%2F3692&#038;paged=2\">P\u00e1gina siguiente &raquo;<\/a>\t\t<\/nav>\n\t\t\t\t<\/div>\n\t\t\t\t<\/div>\n\t\t\t\t\t<\/div>\n\t\t<\/div>\n\t\t\t\t\t\t\t<\/div>\n\t\t<\/section>\n\t\t\t\t\t\t\t<\/div>\n\t\t","protected":false},"excerpt":{"rendered":"","protected":false},"author":1,"featured_media":0,"parent":0,"menu_order":0,"comment_status":"closed","ping_status":"closed","template":"elementor_theme","meta":{"_themeisle_gutenberg_block_has_review":false,"_ti_tpc_template_sync":false,"_ti_tpc_template_id":"","footnotes":""},"class_list":["post-3692","page","type-page","status-publish","hentry"],"_links":{"self":[{"href":"https:\/\/marini-escritos.unam.mx\/index.php?rest_route=\/wp\/v2\/pages\/3692","targetHints":{"allow":["GET"]}}],"collection":[{"href":"https:\/\/marini-escritos.unam.mx\/index.php?rest_route=\/wp\/v2\/pages"}],"about":[{"href":"https:\/\/marini-escritos.unam.mx\/index.php?rest_route=\/wp\/v2\/types\/page"}],"author":[{"embeddable":true,"href":"https:\/\/marini-escritos.unam.mx\/index.php?rest_route=\/wp\/v2\/users\/1"}],"replies":[{"embeddable":true,"href":"https:\/\/marini-escritos.unam.mx\/index.php?rest_route=%2Fwp%2Fv2%2Fcomments&post=3692"}],"version-history":[{"count":4,"href":"https:\/\/marini-escritos.unam.mx\/index.php?rest_route=\/wp\/v2\/pages\/3692\/revisions"}],"predecessor-version":[{"id":3697,"href":"https:\/\/marini-escritos.unam.mx\/index.php?rest_route=\/wp\/v2\/pages\/3692\/revisions\/3697"}],"wp:attachment":[{"href":"https:\/\/marini-escritos.unam.mx\/index.php?rest_route=%2Fwp%2Fv2%2Fmedia&parent=3692"}],"curies":[{"name":"wp","href":"https:\/\/api.w.org\/{rel}","templated":true}]}}