{"id":3838,"date":"2023-08-02T17:48:59","date_gmt":"2023-08-02T17:48:59","guid":{"rendered":"https:\/\/marini-escritos.unam.mx\/?page_id=3838"},"modified":"2023-08-02T18:07:16","modified_gmt":"2023-08-02T18:07:16","slug":"autobiografia-intelectual","status":"publish","type":"page","link":"https:\/\/marini-escritos.unam.mx\/?page_id=3838","title":{"rendered":"Autobiografi\u0301a intelectual"},"content":{"rendered":"\n<p class=\"has-black-color has-text-color\" style=\"font-size:30px\"><strong>Ruy Mauro Marini. Autobiograf\u00eda intelectual<\/strong><\/p>\n\n\n\n<hr class=\"wp-block-separator has-text-color has-vivid-red-color has-css-opacity has-vivid-red-background-color has-background\"\/>\n\n\n\n<figure class=\"wp-block-embed is-type-video is-provider-youtube wp-block-embed-youtube wp-embed-aspect-16-9 wp-has-aspect-ratio\"><div class=\"wp-block-embed__wrapper\">\n<div class=\"video-container\"><iframe title=\"Ruy Mauro Marini. Autobiografi\u0301a intelectual\" width=\"500\" height=\"281\" src=\"https:\/\/www.youtube.com\/embed\/a0FLHiji8jM?feature=oembed&#038;wmode=opaque\" frameborder=\"0\" allow=\"accelerometer; autoplay; clipboard-write; encrypted-media; gyroscope; picture-in-picture; web-share\" referrerpolicy=\"strict-origin-when-cross-origin\" allowfullscreen><\/iframe><\/div>\n<\/div><\/figure>\n\n\n\n<hr class=\"wp-block-separator has-text-color has-vivid-red-color has-css-opacity has-vivid-red-background-color has-background\"\/>\n\n\n\n<p>Participaci\u00f3n de Ruy Mauro Marini en la sesi\u00f3n conclusiva \u201cBalance del desarrollo de la Teor\u00eda Cr\u00edtica\u201d del evento <em>Las Jornadas del 68<\/em>. <\/p>\n\n\n\n<p>Facultad de Ciencias Pol\u00edticas y Sociales \u2013 UNAM, 2 de diciembre de 1993. <\/p>\n\n\n\n<p>En la mesa tambi\u00e9n participaron Andr\u00e9s Barreda, Armando Bartra y Jorge Veraza. <\/p>\n\n\n\n<p>Agradecemos a Andr\u00e9s Barreda por compartirnos el video. <\/p>\n\n\n\n<p>El video fue editado por razones t\u00e9cnicas.<\/p>\n\n\n\n<hr class=\"wp-block-separator has-text-color has-vivid-red-color has-css-opacity has-vivid-red-background-color has-background\"\/>\n\n\n\n<h6 class=\"wp-block-heading has-text-align-left has-small-font-size\"><\/h6>\n\n\n\n<p class=\"has-text-align-right\"><\/p>\n","protected":false},"excerpt":{"rendered":"<p>Ruy Mauro Marini. Autobiograf\u00eda intelectual Participaci\u00f3n de Ruy Mauro Marini en la sesi\u00f3n conclusiva \u201cBalance del desarrollo de la Teor\u00eda Cr\u00edtica\u201d del evento Las Jornadas del 68. Facultad de Ciencias Pol\u00edticas y Sociales \u2013&#46;&#46;&#46;<\/p>\n","protected":false},"author":1,"featured_media":0,"parent":0,"menu_order":0,"comment_status":"closed","ping_status":"closed","template":"","meta":{"_themeisle_gutenberg_block_has_review":false,"_ti_tpc_template_sync":false,"_ti_tpc_template_id":"","footnotes":""},"class_list":["post-3838","page","type-page","status-publish","hentry"],"_links":{"self":[{"href":"https:\/\/marini-escritos.unam.mx\/index.php?rest_route=\/wp\/v2\/pages\/3838","targetHints":{"allow":["GET"]}}],"collection":[{"href":"https:\/\/marini-escritos.unam.mx\/index.php?rest_route=\/wp\/v2\/pages"}],"about":[{"href":"https:\/\/marini-escritos.unam.mx\/index.php?rest_route=\/wp\/v2\/types\/page"}],"author":[{"embeddable":true,"href":"https:\/\/marini-escritos.unam.mx\/index.php?rest_route=\/wp\/v2\/users\/1"}],"replies":[{"embeddable":true,"href":"https:\/\/marini-escritos.unam.mx\/index.php?rest_route=%2Fwp%2Fv2%2Fcomments&post=3838"}],"version-history":[{"count":4,"href":"https:\/\/marini-escritos.unam.mx\/index.php?rest_route=\/wp\/v2\/pages\/3838\/revisions"}],"predecessor-version":[{"id":3844,"href":"https:\/\/marini-escritos.unam.mx\/index.php?rest_route=\/wp\/v2\/pages\/3838\/revisions\/3844"}],"wp:attachment":[{"href":"https:\/\/marini-escritos.unam.mx\/index.php?rest_route=%2Fwp%2Fv2%2Fmedia&parent=3838"}],"curies":[{"name":"wp","href":"https:\/\/api.w.org\/{rel}","templated":true}]}}